{"id":645,"date":"2019-02-11T15:11:13","date_gmt":"2019-02-11T15:11:13","guid":{"rendered":"https:\/\/demosites.io\/onboarding-gutenberg\/?page_id=645"},"modified":"2023-07-03T15:20:23","modified_gmt":"2023-07-03T15:20:23","slug":"5b349-home","status":"publish","type":"page","link":"https:\/\/rainhasdeportugal.pt\/","title":{"rendered":"Home"},"content":{"rendered":"\t\t<div data-elementor-type=\"wp-page\" data-elementor-id=\"645\" class=\"elementor elementor-645\">\n\t\t\t\t\t\t<section class=\"elementor-section elementor-top-section elementor-element elementor-element-e3afd9e elementor-section-full_width elementor-section-height-default elementor-section-height-default\" data-id=\"e3afd9e\" data-element_type=\"section\">\n\t\t\t\t\t\t<div class=\"elementor-container elementor-column-gap-no\">\n\t\t\t\t\t<div class=\"elementor-column elementor-col-100 elementor-top-column elementor-element elementor-element-5d147b9\" data-id=\"5d147b9\" data-element_type=\"column\">\n\t\t\t<div class=\"elementor-widget-wrap elementor-element-populated\">\n\t\t\t\t\t\t\t<\/div>\n\t\t<\/div>\n\t\t\t\t\t<\/div>\n\t\t<\/section>\n\t\t\t\t<section class=\"elementor-section elementor-top-section elementor-element elementor-element-165ca8a elementor-section-boxed elementor-section-height-default elementor-section-height-default\" data-id=\"165ca8a\" data-element_type=\"section\">\n\t\t\t\t\t\t<div class=\"elementor-container elementor-column-gap-default\">\n\t\t\t\t\t<div class=\"elementor-column elementor-col-100 elementor-top-column elementor-element elementor-element-b295e18\" data-id=\"b295e18\" data-element_type=\"column\">\n\t\t\t<div class=\"elementor-widget-wrap elementor-element-populated\">\n\t\t\t\t\t\t<div class=\"elementor-element elementor-element-f8dc70b elementor-widget elementor-widget-spacer\" data-id=\"f8dc70b\" data-element_type=\"widget\" data-widget_type=\"spacer.default\">\n\t\t\t\t<div class=\"elementor-widget-container\">\n\t\t\t\t\t\t\t<div class=\"elementor-spacer\">\n\t\t\t<div class=\"elementor-spacer-inner\"><\/div>\n\t\t<\/div>\n\t\t\t\t\t\t<\/div>\n\t\t\t\t<\/div>\n\t\t\t\t\t<\/div>\n\t\t<\/div>\n\t\t\t\t\t<\/div>\n\t\t<\/section>\n\t\t\t\t<section class=\"elementor-section elementor-top-section elementor-element elementor-element-a04d89e elementor-section-boxed elementor-section-height-default elementor-section-height-default\" data-id=\"a04d89e\" data-element_type=\"section\" data-settings=\"{&quot;background_background&quot;:&quot;classic&quot;}\">\n\t\t\t\t\t\t<div class=\"elementor-container elementor-column-gap-narrow\">\n\t\t\t\t\t<div class=\"elementor-column elementor-col-50 elementor-top-column elementor-element elementor-element-e4b3230\" data-id=\"e4b3230\" data-element_type=\"column\" data-settings=\"{&quot;background_background&quot;:&quot;classic&quot;}\">\n\t\t\t<div class=\"elementor-widget-wrap elementor-element-populated\">\n\t\t\t\t\t\t<div class=\"elementor-element elementor-element-864f445 elementor-widget elementor-widget-image\" data-id=\"864f445\" data-element_type=\"widget\" data-widget_type=\"image.default\">\n\t\t\t\t<div class=\"elementor-widget-container\">\n\t\t\t\t\t\t\t\t\t\t\t\t\t\t\t<img decoding=\"async\" src=\"https:\/\/rainhasdeportugal.pt\/wp-content\/uploads\/elementor\/thumbs\/Untitled-1-q8v6i9wra0wjz0kjsisvy19jrwjm33cgnotxsqbzfw.jpg\" title=\"Untitled-1\" alt=\"Untitled-1\" loading=\"lazy\" \/>\t\t\t\t\t\t\t\t\t\t\t\t\t\t\t<\/div>\n\t\t\t\t<\/div>\n\t\t\t\t\t<\/div>\n\t\t<\/div>\n\t\t\t\t<div class=\"elementor-column elementor-col-50 elementor-top-column elementor-element elementor-element-e0ea810\" data-id=\"e0ea810\" data-element_type=\"column\" data-settings=\"{&quot;background_background&quot;:&quot;classic&quot;}\">\n\t\t\t<div class=\"elementor-widget-wrap elementor-element-populated\">\n\t\t\t\t\t\t<div class=\"elementor-element elementor-element-a9d5b57 elementor-widget elementor-widget-text-editor\" data-id=\"a9d5b57\" data-element_type=\"widget\" data-widget_type=\"text-editor.default\">\n\t\t\t\t<div class=\"elementor-widget-container\">\n\t\t\t\t\t\t\t\t\t<p><strong>Atividades<\/strong><\/p><p>Este \u00e9 um projeto de vontade, querer e comunidade. V\u00e1rias iniciativas deram corpo e forma a algo maior que um produto. A ideia passou fronteiras f\u00edsicas e chegou \u00e0s m\u00e3os de v\u00e1rios elementos de uma comunidade que se quer junta. O caminho fez-se por via de muitos eventos, os quais juntaram interesses e prazeres que foram assim despertos.<\/p><p><a href=\"https:\/\/rainhasdeportugal.pt\/?page_id=1463\"><strong>Ver mais<\/strong><\/a><\/p>\t\t\t\t\t\t\t\t<\/div>\n\t\t\t\t<\/div>\n\t\t\t\t\t<\/div>\n\t\t<\/div>\n\t\t\t\t\t<\/div>\n\t\t<\/section>\n\t\t\t\t<section class=\"elementor-section elementor-top-section elementor-element elementor-element-7e902e2 elementor-section-boxed elementor-section-height-default elementor-section-height-default\" data-id=\"7e902e2\" data-element_type=\"section\">\n\t\t\t\t\t\t<div class=\"elementor-container elementor-column-gap-default\">\n\t\t\t\t\t<div class=\"elementor-column elementor-col-100 elementor-top-column elementor-element elementor-element-b91cd9b\" data-id=\"b91cd9b\" data-element_type=\"column\">\n\t\t\t<div class=\"elementor-widget-wrap elementor-element-populated\">\n\t\t\t\t\t\t<div class=\"elementor-element elementor-element-df83753 elementor-widget elementor-widget-spacer\" data-id=\"df83753\" data-element_type=\"widget\" data-widget_type=\"spacer.default\">\n\t\t\t\t<div class=\"elementor-widget-container\">\n\t\t\t\t\t\t\t<div class=\"elementor-spacer\">\n\t\t\t<div class=\"elementor-spacer-inner\"><\/div>\n\t\t<\/div>\n\t\t\t\t\t\t<\/div>\n\t\t\t\t<\/div>\n\t\t\t\t\t<\/div>\n\t\t<\/div>\n\t\t\t\t\t<\/div>\n\t\t<\/section>\n\t\t\t\t<section class=\"elementor-section elementor-top-section elementor-element elementor-element-b080d10 elementor-section-boxed elementor-section-height-default elementor-section-height-default\" data-id=\"b080d10\" data-element_type=\"section\" data-settings=\"{&quot;background_background&quot;:&quot;classic&quot;}\">\n\t\t\t\t\t\t<div class=\"elementor-container elementor-column-gap-narrow\">\n\t\t\t\t\t<div class=\"elementor-column elementor-col-50 elementor-top-column elementor-element elementor-element-40d8226\" data-id=\"40d8226\" data-element_type=\"column\" data-settings=\"{&quot;background_background&quot;:&quot;classic&quot;}\">\n\t\t\t<div class=\"elementor-widget-wrap elementor-element-populated\">\n\t\t\t\t\t\t<div class=\"elementor-element elementor-element-6e4ac98 elementor-hidden-desktop elementor-widget elementor-widget-image\" data-id=\"6e4ac98\" data-element_type=\"widget\" data-widget_type=\"image.default\">\n\t\t\t\t<div class=\"elementor-widget-container\">\n\t\t\t\t\t\t\t\t\t\t\t\t\t\t\t<img fetchpriority=\"high\" decoding=\"async\" width=\"681\" height=\"603\" src=\"https:\/\/rainhasdeportugal.pt\/wp-content\/uploads\/2022\/03\/maria22.jpg\" class=\"attachment-full size-full wp-image-807\" alt=\"\" srcset=\"https:\/\/rainhasdeportugal.pt\/wp-content\/uploads\/2022\/03\/maria22.jpg 681w, https:\/\/rainhasdeportugal.pt\/wp-content\/uploads\/2022\/03\/maria22-300x266.jpg 300w, https:\/\/rainhasdeportugal.pt\/wp-content\/uploads\/2022\/03\/maria22-600x531.jpg 600w\" sizes=\"(max-width: 681px) 100vw, 681px\" \/>\t\t\t\t\t\t\t\t\t\t\t\t\t\t\t<\/div>\n\t\t\t\t<\/div>\n\t\t\t\t<div class=\"elementor-element elementor-element-a081e8a elementor-widget elementor-widget-text-editor\" data-id=\"a081e8a\" data-element_type=\"widget\" data-widget_type=\"text-editor.default\">\n\t\t\t\t<div class=\"elementor-widget-container\">\n\t\t\t\t\t\t\t\t\t<p><strong>As Rainhas<\/strong><\/p><p>Ao longo da sua hist\u00f3ria, a monarquia portuguesa teve\u00a0 apenas duas rainhas que reinaram de facto como monarcas: Maria I e Maria II. As restantes foram Rainhas consortes, ou seja, usufru\u00edram do t\u00edtulo de Rainha de Portugal enquanto esposas de reis. Podiam, no entanto, influenciar decis\u00f5es e a hist\u00f3ria de Portugal.<\/p><p style=\"text-align: left;\"><a href=\"https:\/\/rainhasdeportugal.pt\/?page_id=1369\"><strong>Ver mais<\/strong><\/a><\/p>\t\t\t\t\t\t\t\t<\/div>\n\t\t\t\t<\/div>\n\t\t\t\t\t<\/div>\n\t\t<\/div>\n\t\t\t\t<div class=\"elementor-column elementor-col-50 elementor-top-column elementor-element elementor-element-c02a424\" data-id=\"c02a424\" data-element_type=\"column\" data-settings=\"{&quot;background_background&quot;:&quot;classic&quot;}\">\n\t\t\t<div class=\"elementor-widget-wrap elementor-element-populated\">\n\t\t\t\t\t\t<div class=\"elementor-element elementor-element-2b33689 elementor-hidden-tablet elementor-hidden-mobile elementor-widget elementor-widget-image\" data-id=\"2b33689\" data-element_type=\"widget\" data-widget_type=\"image.default\">\n\t\t\t\t<div class=\"elementor-widget-container\">\n\t\t\t\t\t\t\t\t\t\t\t\t\t\t\t<img fetchpriority=\"high\" decoding=\"async\" width=\"681\" height=\"603\" src=\"https:\/\/rainhasdeportugal.pt\/wp-content\/uploads\/2022\/03\/maria22.jpg\" class=\"attachment-full size-full wp-image-807\" alt=\"\" srcset=\"https:\/\/rainhasdeportugal.pt\/wp-content\/uploads\/2022\/03\/maria22.jpg 681w, https:\/\/rainhasdeportugal.pt\/wp-content\/uploads\/2022\/03\/maria22-300x266.jpg 300w, https:\/\/rainhasdeportugal.pt\/wp-content\/uploads\/2022\/03\/maria22-600x531.jpg 600w\" sizes=\"(max-width: 681px) 100vw, 681px\" \/>\t\t\t\t\t\t\t\t\t\t\t\t\t\t\t<\/div>\n\t\t\t\t<\/div>\n\t\t\t\t\t<\/div>\n\t\t<\/div>\n\t\t\t\t\t<\/div>\n\t\t<\/section>\n\t\t\t\t<section class=\"elementor-section elementor-top-section elementor-element elementor-element-7a73323 elementor-section-boxed elementor-section-height-default elementor-section-height-default\" data-id=\"7a73323\" data-element_type=\"section\">\n\t\t\t\t\t\t<div class=\"elementor-container elementor-column-gap-default\">\n\t\t\t\t\t<div class=\"elementor-column elementor-col-100 elementor-top-column elementor-element elementor-element-95fb495\" data-id=\"95fb495\" data-element_type=\"column\">\n\t\t\t<div class=\"elementor-widget-wrap elementor-element-populated\">\n\t\t\t\t\t\t<div class=\"elementor-element elementor-element-c639fa5 elementor-widget elementor-widget-spacer\" data-id=\"c639fa5\" data-element_type=\"widget\" data-widget_type=\"spacer.default\">\n\t\t\t\t<div class=\"elementor-widget-container\">\n\t\t\t\t\t\t\t<div class=\"elementor-spacer\">\n\t\t\t<div class=\"elementor-spacer-inner\"><\/div>\n\t\t<\/div>\n\t\t\t\t\t\t<\/div>\n\t\t\t\t<\/div>\n\t\t\t\t\t<\/div>\n\t\t<\/div>\n\t\t\t\t\t<\/div>\n\t\t<\/section>\n\t\t\t\t<section class=\"elementor-section elementor-top-section elementor-element elementor-element-9a41ff0 elementor-section-boxed elementor-section-height-default elementor-section-height-default\" data-id=\"9a41ff0\" data-element_type=\"section\" data-settings=\"{&quot;background_background&quot;:&quot;classic&quot;}\">\n\t\t\t\t\t\t<div class=\"elementor-container elementor-column-gap-narrow\">\n\t\t\t\t\t<div class=\"elementor-column elementor-col-50 elementor-top-column elementor-element elementor-element-30e4396\" data-id=\"30e4396\" data-element_type=\"column\" data-settings=\"{&quot;background_background&quot;:&quot;classic&quot;}\">\n\t\t\t<div class=\"elementor-widget-wrap elementor-element-populated\">\n\t\t\t\t\t\t<div class=\"elementor-element elementor-element-dc30dce elementor-widget elementor-widget-image\" data-id=\"dc30dce\" data-element_type=\"widget\" data-widget_type=\"image.default\">\n\t\t\t\t<div class=\"elementor-widget-container\">\n\t\t\t\t\t\t\t\t\t\t\t\t\t\t\t<img decoding=\"async\" width=\"695\" height=\"450\" src=\"https:\/\/rainhasdeportugal.pt\/wp-content\/uploads\/2022\/03\/rainha1.jpg\" class=\"attachment-full size-full wp-image-826\" alt=\"\" srcset=\"https:\/\/rainhasdeportugal.pt\/wp-content\/uploads\/2022\/03\/rainha1.jpg 695w, https:\/\/rainhasdeportugal.pt\/wp-content\/uploads\/2022\/03\/rainha1-300x194.jpg 300w, https:\/\/rainhasdeportugal.pt\/wp-content\/uploads\/2022\/03\/rainha1-600x388.jpg 600w\" sizes=\"(max-width: 695px) 100vw, 695px\" \/>\t\t\t\t\t\t\t\t\t\t\t\t\t\t\t<\/div>\n\t\t\t\t<\/div>\n\t\t\t\t\t<\/div>\n\t\t<\/div>\n\t\t\t\t<div class=\"elementor-column elementor-col-50 elementor-top-column elementor-element elementor-element-4f50394\" data-id=\"4f50394\" data-element_type=\"column\" data-settings=\"{&quot;background_background&quot;:&quot;classic&quot;}\">\n\t\t\t<div class=\"elementor-widget-wrap elementor-element-populated\">\n\t\t\t\t\t\t<div class=\"elementor-element elementor-element-93bacc0 elementor-widget elementor-widget-text-editor\" data-id=\"93bacc0\" data-element_type=\"widget\" data-widget_type=\"text-editor.default\">\n\t\t\t\t<div class=\"elementor-widget-container\">\n\t\t\t\t\t\t\t\t\t<p><strong>O Projeto<\/strong><\/p><p>Rainhas de Portugal \u00e9 um projeto feito para ir ao encontro dos idosos em situa\u00e7\u00e3o de isolamento e d\u00e9fice de estimula\u00e7\u00e3o cognitiva que vivem no concelho de Albergaria-a-Velha, distrito de Aveiro. O conhecimento profundo da realidade desta popula\u00e7\u00e3o serve de base a um trabalho, realizado em rede, que transforma as pol\u00edticas sociais, nomeadamente na \u00e1rea da interven\u00e7\u00e3o social.<\/p><p><a href=\"https:\/\/rainhasdeportugal.pt\/?page_id=25\"><strong>Ver mais<\/strong><\/a><\/p>\t\t\t\t\t\t\t\t<\/div>\n\t\t\t\t<\/div>\n\t\t\t\t\t<\/div>\n\t\t<\/div>\n\t\t\t\t\t<\/div>\n\t\t<\/section>\n\t\t\t\t<section class=\"elementor-section elementor-top-section elementor-element elementor-element-d3d2e0a elementor-section-boxed elementor-section-height-default elementor-section-height-default\" data-id=\"d3d2e0a\" data-element_type=\"section\">\n\t\t\t\t\t\t<div class=\"elementor-container elementor-column-gap-default\">\n\t\t\t\t\t<div class=\"elementor-column elementor-col-100 elementor-top-column elementor-element elementor-element-b6ef8c3\" data-id=\"b6ef8c3\" data-element_type=\"column\">\n\t\t\t<div class=\"elementor-widget-wrap elementor-element-populated\">\n\t\t\t\t\t\t<div class=\"elementor-element elementor-element-d784cb6 elementor-widget elementor-widget-spacer\" data-id=\"d784cb6\" data-element_type=\"widget\" data-widget_type=\"spacer.default\">\n\t\t\t\t<div class=\"elementor-widget-container\">\n\t\t\t\t\t\t\t<div class=\"elementor-spacer\">\n\t\t\t<div class=\"elementor-spacer-inner\"><\/div>\n\t\t<\/div>\n\t\t\t\t\t\t<\/div>\n\t\t\t\t<\/div>\n\t\t\t\t\t<\/div>\n\t\t<\/div>\n\t\t\t\t\t<\/div>\n\t\t<\/section>\n\t\t\t\t<section class=\"elementor-section elementor-top-section elementor-element elementor-element-2439d61 elementor-section-full_width elementor-section-height-default elementor-section-height-default\" data-id=\"2439d61\" data-element_type=\"section\" data-settings=\"{&quot;background_background&quot;:&quot;classic&quot;}\">\n\t\t\t\t\t\t<div class=\"elementor-container elementor-column-gap-default\">\n\t\t\t\t\t<div class=\"elementor-column elementor-col-100 elementor-top-column elementor-element elementor-element-080a89c\" data-id=\"080a89c\" data-element_type=\"column\" data-settings=\"{&quot;background_background&quot;:&quot;classic&quot;}\">\n\t\t\t<div class=\"elementor-widget-wrap elementor-element-populated\">\n\t\t\t\t\t\t<section class=\"elementor-section elementor-inner-section elementor-element elementor-element-b48ff21 elementor-section-boxed elementor-section-height-default elementor-section-height-default\" data-id=\"b48ff21\" data-element_type=\"section\">\n\t\t\t\t\t\t<div class=\"elementor-container elementor-column-gap-default\">\n\t\t\t\t\t<div class=\"elementor-column elementor-col-100 elementor-inner-column elementor-element elementor-element-e4bbab1\" data-id=\"e4bbab1\" data-element_type=\"column\" data-settings=\"{&quot;background_background&quot;:&quot;classic&quot;}\">\n\t\t\t<div class=\"elementor-widget-wrap elementor-element-populated\">\n\t\t\t\t\t\t<div class=\"elementor-element elementor-element-425960d elementor-align-center elementor-widget elementor-widget-button\" data-id=\"425960d\" data-element_type=\"widget\" data-widget_type=\"button.default\">\n\t\t\t\t<div class=\"elementor-widget-container\">\n\t\t\t\t\t\t\t\t\t<div class=\"elementor-button-wrapper\">\n\t\t\t\t\t<a class=\"elementor-button elementor-button-link elementor-size-md\" href=\"https:\/\/rainhasdeportugal.pt\/?page_id=25\/#parceiros\">\n\t\t\t\t\t\t<span class=\"elementor-button-content-wrapper\">\n\t\t\t\t\t\t\t\t\t<span class=\"elementor-button-text\">Conhe\u00e7a todas as entidades que colaboram neste projeto<\/span>\n\t\t\t\t\t<\/span>\n\t\t\t\t\t<\/a>\n\t\t\t\t<\/div>\n\t\t\t\t\t\t\t\t<\/div>\n\t\t\t\t<\/div>\n\t\t\t\t\t<\/div>\n\t\t<\/div>\n\t\t\t\t\t<\/div>\n\t\t<\/section>\n\t\t\t\t\t<\/div>\n\t\t<\/div>\n\t\t\t\t\t<\/div>\n\t\t<\/section>\n\t\t\t\t<\/div>\n\t\t","protected":false},"excerpt":{"rendered":"<p>Atividades Este \u00e9 um projeto de vontade, querer e comunidade. V\u00e1rias iniciativas deram corpo e forma a algo maior que um produto. A ideia passou fronteiras f\u00edsicas e chegou \u00e0s m\u00e3os de v\u00e1rios elementos de uma comunidade que se quer junta. O caminho fez-se por via de muitos eventos, os quais juntaram interesses e prazeres&hellip;&nbsp;<a href=\"https:\/\/rainhasdeportugal.pt\/\" rel=\"bookmark\">Ler mais &raquo;<span class=\"screen-reader-text\">Home<\/span><\/a><\/p>\n","protected":false},"author":1,"featured_media":0,"parent":0,"menu_order":0,"comment_status":"closed","ping_status":"closed","template":"page-templates\/template-pagebuilder-full-width.php","meta":{"neve_meta_sidebar":"full-width","neve_meta_container":"full-width","neve_meta_enable_content_width":"off","neve_meta_content_width":0,"neve_meta_title_alignment":"","neve_meta_author_avatar":"","neve_post_elements_order":"","neve_meta_disable_header":"","neve_meta_disable_footer":"","neve_meta_disable_title":"on","_themeisle_gutenberg_block_has_review":false,"footnotes":""},"class_list":["post-645","page","type-page","status-publish","hentry"],"_links":{"self":[{"href":"https:\/\/rainhasdeportugal.pt\/index.php?rest_route=\/wp\/v2\/pages\/645","targetHints":{"allow":["GET"]}}],"collection":[{"href":"https:\/\/rainhasdeportugal.pt\/index.php?rest_route=\/wp\/v2\/pages"}],"about":[{"href":"https:\/\/rainhasdeportugal.pt\/index.php?rest_route=\/wp\/v2\/types\/page"}],"author":[{"embeddable":true,"href":"https:\/\/rainhasdeportugal.pt\/index.php?rest_route=\/wp\/v2\/users\/1"}],"replies":[{"embeddable":true,"href":"https:\/\/rainhasdeportugal.pt\/index.php?rest_route=%2Fwp%2Fv2%2Fcomments&post=645"}],"version-history":[{"count":156,"href":"https:\/\/rainhasdeportugal.pt\/index.php?rest_route=\/wp\/v2\/pages\/645\/revisions"}],"predecessor-version":[{"id":1722,"href":"https:\/\/rainhasdeportugal.pt\/index.php?rest_route=\/wp\/v2\/pages\/645\/revisions\/1722"}],"wp:attachment":[{"href":"https:\/\/rainhasdeportugal.pt\/index.php?rest_route=%2Fwp%2Fv2%2Fmedia&parent=645"}],"curies":[{"name":"wp","href":"https:\/\/api.w.org\/{rel}","templated":true}]}}